{"id":614,"date":"2025-04-05T18:33:04","date_gmt":"2025-04-05T23:33:04","guid":{"rendered":"https:\/\/modampm.com\/pagina\/?page_id=614"},"modified":"2025-11-11T07:50:57","modified_gmt":"2025-11-11T12:50:57","slug":"politica-de-tratamiento-de-datos","status":"publish","type":"page","link":"https:\/\/modampm.com\/pagina\/politica-de-tratamiento-de-datos\/","title":{"rendered":"Pol\u00edtica de tratamiento de datos"},"content":{"rendered":"\t\t<div data-elementor-type=\"wp-page\" data-elementor-id=\"614\" class=\"elementor elementor-614\" data-elementor-post-type=\"page\">\n\t\t\t\t<div class=\"elementor-element elementor-element-9238f3a e-flex e-con-boxed e-con e-parent\" data-id=\"9238f3a\" data-element_type=\"container\">\n\t\t\t\t\t<div class=\"e-con-inner\">\n\t\t\t\t<div class=\"elementor-element elementor-element-db01a4b elementor-widget elementor-widget-heading\" data-id=\"db01a4b\" data-element_type=\"widget\" data-widget_type=\"heading.default\">\n\t\t\t\t<div class=\"elementor-widget-container\">\n\t\t\t\t\t<h2 class=\"elementor-heading-title elementor-size-default\">Pol\u00edtica de tratamiento de datos<\/h2>\t\t\t\t<\/div>\n\t\t\t\t<\/div>\n\t\t\t\t<div class=\"elementor-element elementor-element-46f5353 elementor-widget elementor-widget-text-editor\" data-id=\"46f5353\" data-element_type=\"widget\" data-widget_type=\"text-editor.default\">\n\t\t\t\t<div class=\"elementor-widget-container\">\n\t\t\t\t\t\t\t\t\t<p style=\"text-align: center;\" data-start=\"268\" data-end=\"620\">En <strong data-start=\"271\" data-end=\"283\">Moda MPM<\/strong> respetamos y protegemos la privacidad de nuestros clientes y visitantes. La informaci\u00f3n personal que nos compartes a trav\u00e9s de nuestra p\u00e1gina web o canales de comunicaci\u00f3n, como WhatsApp, ser\u00e1 utilizada \u00fanicamente con fines relacionados con la gesti\u00f3n de pedidos, coordinaci\u00f3n de entregas, realizaci\u00f3n de env\u00edos y atenci\u00f3n al cliente.<\/p><p data-start=\"622\" data-end=\"837\">En <strong data-start=\"625\" data-end=\"637\">Moda MPM<\/strong> no vendemos, alquilamos ni compartimos tu informaci\u00f3n con terceros, salvo en los casos estrictamente necesarios para cumplir con obligaciones legales o procesos log\u00edsticos vinculados a tus compras.<\/p><p data-start=\"839\" data-end=\"1115\">Nuestros clientes tienen derecho a solicitar la actualizaci\u00f3n, correcci\u00f3n o eliminaci\u00f3n de sus datos en cualquier momento. Nuestro compromiso es garantizar un manejo responsable, seguro y transparente de la informaci\u00f3n, asegurando tu confianza en cada experiencia de compra.<\/p>\t\t\t\t\t\t\t\t<\/div>\n\t\t\t\t<\/div>\n\t\t\t\t\t<\/div>\n\t\t\t\t<\/div>\n\t\t\t\t<\/div>\n\t\t","protected":false},"excerpt":{"rendered":"<p>Pol\u00edtica de tratamiento de datos En Moda MPM respetamos y protegemos la privacidad de nuestros clientes y visitantes. La informaci\u00f3n personal que nos compartes a trav\u00e9s de nuestra p\u00e1gina web o canales de comunicaci\u00f3n, como WhatsApp, ser\u00e1 utilizada \u00fanicamente con fines relacionados con la gesti\u00f3n de pedidos, coordinaci\u00f3n de entregas, realizaci\u00f3n de env\u00edos y atenci\u00f3n [&hellip;]<\/p>\n","protected":false},"author":1,"featured_media":0,"parent":0,"menu_order":0,"comment_status":"closed","ping_status":"closed","template":"","meta":{"footnotes":""},"class_list":["post-614","page","type-page","status-publish","hentry"],"_links":{"self":[{"href":"https:\/\/modampm.com\/pagina\/wp-json\/wp\/v2\/pages\/614","targetHints":{"allow":["GET"]}}],"collection":[{"href":"https:\/\/modampm.com\/pagina\/wp-json\/wp\/v2\/pages"}],"about":[{"href":"https:\/\/modampm.com\/pagina\/wp-json\/wp\/v2\/types\/page"}],"author":[{"embeddable":true,"href":"https:\/\/modampm.com\/pagina\/wp-json\/wp\/v2\/users\/1"}],"replies":[{"embeddable":true,"href":"https:\/\/modampm.com\/pagina\/wp-json\/wp\/v2\/comments?post=614"}],"version-history":[{"count":19,"href":"https:\/\/modampm.com\/pagina\/wp-json\/wp\/v2\/pages\/614\/revisions"}],"predecessor-version":[{"id":1365,"href":"https:\/\/modampm.com\/pagina\/wp-json\/wp\/v2\/pages\/614\/revisions\/1365"}],"wp:attachment":[{"href":"https:\/\/modampm.com\/pagina\/wp-json\/wp\/v2\/media?parent=614"}],"curies":[{"name":"wp","href":"https:\/\/api.w.org\/{rel}","templated":true}]}}