{"id":234,"date":"2025-03-12T20:36:54","date_gmt":"2025-03-12T20:36:54","guid":{"rendered":"https:\/\/modampm.com\/pagina\/?page_id=234"},"modified":"2025-11-11T07:25:27","modified_gmt":"2025-11-11T12:25:27","slug":"quienes-somos","status":"publish","type":"page","link":"https:\/\/modampm.com\/pagina\/quienes-somos\/","title":{"rendered":"Quienes somos"},"content":{"rendered":"\t\t<div data-elementor-type=\"wp-page\" data-elementor-id=\"234\" class=\"elementor elementor-234\" data-elementor-post-type=\"page\">\n\t\t\t\t<div class=\"elementor-element elementor-element-8068f3b e-con-full e-flex e-con e-parent\" data-id=\"8068f3b\" data-element_type=\"container\">\n\t\t\t\t<div class=\"elementor-element elementor-element-2fa23c1 elementor-pagination-position-outside elementor-widget-mobile__width-auto elementor--h-position-center elementor--v-position-middle elementor-arrows-position-inside elementor-widget elementor-widget-slides\" data-id=\"2fa23c1\" data-element_type=\"widget\" data-settings=\"{&quot;transition_speed&quot;:2000,&quot;navigation&quot;:&quot;both&quot;,&quot;autoplay&quot;:&quot;yes&quot;,&quot;pause_on_hover&quot;:&quot;yes&quot;,&quot;pause_on_interaction&quot;:&quot;yes&quot;,&quot;autoplay_speed&quot;:5000,&quot;infinite&quot;:&quot;yes&quot;,&quot;transition&quot;:&quot;slide&quot;}\" data-widget_type=\"slides.default\">\n\t\t\t\t<div class=\"elementor-widget-container\">\n\t\t\t\t\t\t\t\t\t<div class=\"elementor-swiper\">\n\t\t\t\t\t<div class=\"elementor-slides-wrapper elementor-main-swiper swiper\" role=\"region\" aria-roledescription=\"carousel\" aria-label=\"Slides\" dir=\"ltr\" data-animation=\"zoomIn\">\n\t\t\t\t<div class=\"swiper-wrapper elementor-slides\">\n\t\t\t\t\t\t\t\t\t\t<div class=\"elementor-repeater-item-181db92 swiper-slide\" role=\"group\" aria-roledescription=\"slide\"><div class=\"swiper-slide-bg elementor-ken-burns elementor-ken-burns--in\" role=\"img\" aria-label=\"Quiene..\"><\/div><div class=\"swiper-slide-inner\" ><div class=\"swiper-slide-contents\"><\/div><\/div><\/div>\t\t\t\t<\/div>\n\t\t\t\t\t\t\t<\/div>\n\t\t\t\t<\/div>\n\t\t\t\t\t\t\t\t<\/div>\n\t\t\t\t<\/div>\n\t\t\t\t<\/div>\n\t\t<div class=\"elementor-element elementor-element-da94263 e-con-full e-flex e-con e-parent\" data-id=\"da94263\" data-element_type=\"container\">\n\t\t\t\t<div class=\"elementor-element elementor-element-51caa91 elementor-widget elementor-widget-text-editor\" data-id=\"51caa91\" data-element_type=\"widget\" data-widget_type=\"text-editor.default\">\n\t\t\t\t<div class=\"elementor-widget-container\">\n\t\t\t\t\t\t\t\t\t<p>Somos una empresa dedicada a la fabricaci\u00f3n de ropa femenina y masculina, con amplia variedad en colores y tallas, con m\u00e1s de 8 a\u00f1os en el mercado, actualmente contamos con env\u00edos 100 % seguros a nivel nacional. Contamos con una tienda f\u00edsica en la ciudad de Bogot\u00e1 en el centro comercial visto 3 piso local 3163.<\/p>\t\t\t\t\t\t\t\t<\/div>\n\t\t\t\t<\/div>\n\t\t\t\t<\/div>\n\t\t<div class=\"elementor-element elementor-element-1ef4fa1 e-con-full e-flex e-con e-parent\" data-id=\"1ef4fa1\" data-element_type=\"container\">\n\t\t<div class=\"elementor-element elementor-element-3177bfc e-con-full e-flex e-con e-child\" data-id=\"3177bfc\" data-element_type=\"container\">\n\t\t\t\t<div class=\"elementor-element elementor-element-a28c247 elementor-headline--style-highlight elementor-widget elementor-widget-animated-headline\" data-id=\"a28c247\" data-element_type=\"widget\" data-settings=\"{&quot;marker&quot;:&quot;underline_zigzag&quot;,&quot;highlighted_text&quot;:&quot;MISION&quot;,&quot;_animation&quot;:&quot;none&quot;,&quot;headline_style&quot;:&quot;highlight&quot;,&quot;loop&quot;:&quot;yes&quot;,&quot;highlight_animation_duration&quot;:1200,&quot;highlight_iteration_delay&quot;:8000}\" data-widget_type=\"animated-headline.default\">\n\t\t\t\t<div class=\"elementor-widget-container\">\n\t\t\t\t\t\t\t<h3 class=\"elementor-headline\">\n\t\t\t\t<span class=\"elementor-headline-dynamic-wrapper elementor-headline-text-wrapper\">\n\t\t\t\t\t<span class=\"elementor-headline-dynamic-text elementor-headline-text-active\">MISION<\/span>\n\t\t\t\t<\/span>\n\t\t\t\t<\/h3>\n\t\t\t\t\t\t<\/div>\n\t\t\t\t<\/div>\n\t\t\t\t<div class=\"elementor-element elementor-element-3a63c7c elementor-widget elementor-widget-text-editor\" data-id=\"3a63c7c\" data-element_type=\"widget\" data-widget_type=\"text-editor.default\">\n\t\t\t\t<div class=\"elementor-widget-container\">\n\t\t\t\t\t\t\t\t\t<p>Ofrecer a nuestros clientes prendas de calidad, con amplia variedad en colores, tallas a precios asequibles que cumplan con sus necesidades y gustos, especialmente a poblaci\u00f3n mayorista.<\/p>\t\t\t\t\t\t\t\t<\/div>\n\t\t\t\t<\/div>\n\t\t\t\t<\/div>\n\t\t<div class=\"elementor-element elementor-element-6f090a8 e-con-full e-flex e-con e-child\" data-id=\"6f090a8\" data-element_type=\"container\">\n\t\t\t\t<div class=\"elementor-element elementor-element-f706d95 elementor-headline--style-highlight elementor-widget elementor-widget-animated-headline\" data-id=\"f706d95\" data-element_type=\"widget\" data-settings=\"{&quot;marker&quot;:&quot;underline_zigzag&quot;,&quot;highlighted_text&quot;:&quot;VISION&quot;,&quot;headline_style&quot;:&quot;highlight&quot;,&quot;loop&quot;:&quot;yes&quot;,&quot;highlight_animation_duration&quot;:1200,&quot;highlight_iteration_delay&quot;:8000}\" data-widget_type=\"animated-headline.default\">\n\t\t\t\t<div class=\"elementor-widget-container\">\n\t\t\t\t\t\t\t<h3 class=\"elementor-headline\">\n\t\t\t\t<span class=\"elementor-headline-dynamic-wrapper elementor-headline-text-wrapper\">\n\t\t\t\t\t<span class=\"elementor-headline-dynamic-text elementor-headline-text-active\">VISION<\/span>\n\t\t\t\t<\/span>\n\t\t\t\t<\/h3>\n\t\t\t\t\t\t<\/div>\n\t\t\t\t<\/div>\n\t\t\t\t<div class=\"elementor-element elementor-element-0d1f150 elementor-widget elementor-widget-text-editor\" data-id=\"0d1f150\" data-element_type=\"widget\" data-widget_type=\"text-editor.default\">\n\t\t\t\t<div class=\"elementor-widget-container\">\n\t\t\t\t\t\t\t\t\t<p>MPM para el 2030 estar\u00e1 consolidada como una empresa l\u00edder en las ventas al por mayor con amplia variedad de colores y tallas, con excelente calidad en sus referencias y servicios, adicional con diferentes sucursales a nivel nacional<\/p>\t\t\t\t\t\t\t\t<\/div>\n\t\t\t\t<\/div>\n\t\t\t\t<\/div>\n\t\t\t\t<\/div>\n\t\t<div class=\"elementor-element elementor-element-9425d54 e-flex e-con-boxed e-con e-parent\" data-id=\"9425d54\" data-element_type=\"container\">\n\t\t\t\t\t<div class=\"e-con-inner\">\n\t\t\t\t<div class=\"elementor-element elementor-element-449ed8e elementor-invisible elementor-widget elementor-widget-heading\" data-id=\"449ed8e\" data-element_type=\"widget\" data-settings=\"{&quot;_animation&quot;:&quot;bounceIn&quot;}\" data-widget_type=\"heading.default\">\n\t\t\t\t<div class=\"elementor-widget-container\">\n\t\t\t\t\t<h1 class=\"elementor-heading-title elementor-size-default\">NUESTRA HISTORIA<\/h1>\t\t\t\t<\/div>\n\t\t\t\t<\/div>\n\t\t\t\t<div class=\"elementor-element elementor-element-13d55f4 elementor-widget elementor-widget-n-accordion\" data-id=\"13d55f4\" data-element_type=\"widget\" data-settings=\"{&quot;default_state&quot;:&quot;all_collapsed&quot;,&quot;max_items_expended&quot;:&quot;one&quot;,&quot;n_accordion_animation_duration&quot;:{&quot;unit&quot;:&quot;ms&quot;,&quot;size&quot;:400,&quot;sizes&quot;:[]}}\" data-widget_type=\"nested-accordion.default\">\n\t\t\t\t<div class=\"elementor-widget-container\">\n\t\t\t\t\t\t\t<div class=\"e-n-accordion\" aria-label=\"Accordion. Open links with Enter or Space, close with Escape, and navigate with Arrow Keys\">\n\t\t\t\t\t\t<details id=\"e-n-accordion-item-2070\" class=\"e-n-accordion-item\" >\n\t\t\t\t<summary class=\"e-n-accordion-item-title\" data-accordion-index=\"1\" tabindex=\"0\" aria-expanded=\"false\" aria-controls=\"e-n-accordion-item-2070\" >\n\t\t\t\t\t<span class='e-n-accordion-item-title-header'><div class=\"e-n-accordion-item-title-text\"> RESE\u00d1A HISTORICA <\/div><\/span>\n\t\t\t\t\t\t\t<span class='e-n-accordion-item-title-icon'>\n\t\t\t<span class='e-opened' ><svg aria-hidden=\"true\" class=\"e-font-icon-svg e-fas-minus\" viewBox=\"0 0 448 512\" xmlns=\"http:\/\/www.w3.org\/2000\/svg\"><path d=\"M416 208H32c-17.67 0-32 14.33-32 32v32c0 17.67 14.33 32 32 32h384c17.67 0 32-14.33 32-32v-32c0-17.67-14.33-32-32-32z\"><\/path><\/svg><\/span>\n\t\t\t<span class='e-closed'><svg aria-hidden=\"true\" class=\"e-font-icon-svg e-fas-sign-in-alt\" viewBox=\"0 0 512 512\" xmlns=\"http:\/\/www.w3.org\/2000\/svg\"><path d=\"M416 448h-84c-6.6 0-12-5.4-12-12v-40c0-6.6 5.4-12 12-12h84c17.7 0 32-14.3 32-32V160c0-17.7-14.3-32-32-32h-84c-6.6 0-12-5.4-12-12V76c0-6.6 5.4-12 12-12h84c53 0 96 43 96 96v192c0 53-43 96-96 96zm-47-201L201 79c-15-15-41-4.5-41 17v96H24c-13.3 0-24 10.7-24 24v96c0 13.3 10.7 24 24 24h136v96c0 21.5 26 32 41 17l168-168c9.3-9.4 9.3-24.6 0-34z\"><\/path><\/svg><\/span>\n\t\t<\/span>\n\n\t\t\t\t\t\t<\/summary>\n\t\t\t\t<div role=\"region\" aria-labelledby=\"e-n-accordion-item-2070\" class=\"elementor-element elementor-element-5281b3a e-con-full e-flex e-con e-child\" data-id=\"5281b3a\" data-element_type=\"container\">\n\t\t\t\t<div class=\"elementor-element elementor-element-6c56579 elementor-widget elementor-widget-shortcode\" data-id=\"6c56579\" data-element_type=\"widget\" data-widget_type=\"shortcode.default\">\n\t\t\t\t<div class=\"elementor-widget-container\">\n\t\t\t\t\t\t\t<div class=\"elementor-shortcode\">\t\t\t<!-- Cool Timeline Free V3.2 -->\n\t\t\t<div class=\"ctl-wrapper\" role=\"region\" aria-label=\"Timeline\">\n\t\t\t\t\t\t\t\t<div id=\"cool_timeline_1\" class=\"cool-timeline-wrapper ctl-both-sided ctl-vertical-wrapper\" >\n\t\t\t\t\t<div class=\"ctl-start\"><\/div>\n\t\t\t\t\t<!-- Timeline Container -->\n\t\t\t\t\t<div class=\"ctl-timeline ctl-timeline-container\" data-animation=\"none\">\n\t\t\t\t\t\t<!-- Center Line -->\n\t\t\t\t\t\t<div class=\"ctl-inner-line\" role=\"presentation\"><\/div>\n\t\t\t\t\t\t<!-- Story Year Section --><div data-cls=\"sc-nv-light vertical\" class=\"timeline-year scrollable-section ctl-year ctl-year-container light-year\" data-section-title=\"2017\" id=\"year-2017\"><div class=\"ctl-year-label ctl-year-text\"><span>2017<\/span><\/div><\/div><!-- Timeline Content --><div  id=\"ctl-story-1038\" class=\"ctl-story ctl-story-icon odd ctl-story-left\" data-aos=\"none\"   data-story-index=\"1\" role=\"article\"><!-- Story Icon --><div class=\"ctl-icon\"><i class=\"fa fa-clock-o\" aria-hidden=\"true\"><\/i><\/div> <!-- Story Arrow --><div class=\"ctl-arrow\"><\/div><!-- Story Content --><div class=\"ctl-content\"><!-- Story Title --><div class=\"ctl-title story-1038\" aria-label=\"2\"><a target=\"_self\" title=\"Inicio del sue\u00f1o textil\" href=\"https:\/\/modampm.com\/pagina\/cool_timeline\/2027-inicio-del-sueno-textil\/\" class=\"story-link\">Inicio del sue\u00f1o textil<\/a><\/div><!-- Story Description --><div class=\"ctl-description\"><p>\u201cEn el a\u00f1o 2017, un joven decidi\u00f3 emprender en el mundo textil, motivado por su sue\u00f1o de construir una marca propia&#8230;\u201d<\/p>\n<\/div><\/div><\/div><!-- Story Year Section --><div data-cls=\"sc-nv-light vertical\" class=\"timeline-year scrollable-section ctl-year ctl-year-container light-year\" data-section-title=\"2018\" id=\"year-2018\"><div class=\"ctl-year-label ctl-year-text\"><span>2018<\/span><\/div><\/div><!-- Timeline Content --><div  id=\"ctl-story-1040\" class=\"ctl-story ctl-story-icon even ctl-story-right\" data-aos=\"none\"   data-story-index=\"2\" role=\"article\"><!-- Story Icon --><div class=\"ctl-icon\"><i class= \"fa fas fa-project-diagram\" aria-hidden =\"true\"><\/i><\/div> <!-- Story Arrow --><div class=\"ctl-arrow\"><\/div><!-- Story Content --><div class=\"ctl-content\"><!-- Story Title --><div class=\"ctl-title story-1040\" aria-label=\"2\"><a target=\"_self\" title=\"Primeras producciones\" href=\"https:\/\/modampm.com\/pagina\/cool_timeline\/2018-primeras-producciones\/\" class=\"story-link\">Primeras producciones<\/a><\/div><!-- Story Description --><div class=\"ctl-description\"><p>\u201cSu primera producci\u00f3n consisti\u00f3 en blusones de dama manga corta en doce tonos y tallas S, M, L, XL&#8230;\u201d<\/p>\n<\/div><\/div><\/div><!-- Story Year Section --><div data-cls=\"sc-nv-light vertical\" class=\"timeline-year scrollable-section ctl-year ctl-year-container light-year\" data-section-title=\"2020\" id=\"year-2020\"><div class=\"ctl-year-label ctl-year-text\"><span>2020<\/span><\/div><\/div><!-- Timeline Content --><div  id=\"ctl-story-1041\" class=\"ctl-story ctl-story-icon odd ctl-story-left\" data-aos=\"none\"   data-story-index=\"3\" role=\"article\"><!-- Story Icon --><div class=\"ctl-icon\"><i class= \"fa fas fa-city\" aria-hidden =\"true\"><\/i><\/div> <!-- Story Arrow --><div class=\"ctl-arrow\"><\/div><!-- Story Content --><div class=\"ctl-content\"><!-- Story Title --><div class=\"ctl-title story-1041\" aria-label=\"2\"><a target=\"_self\" title=\"Expansi\u00f3n del cat\u00e1logo\" href=\"https:\/\/modampm.com\/pagina\/cool_timeline\/2020-expansion-del-catalogo\/\" class=\"story-link\">Expansi\u00f3n del cat\u00e1logo<\/a><\/div><!-- Story Description --><div class=\"ctl-description\"><p>\u201cDecidi\u00f3 diversificar su cat\u00e1logo y ampliar su l\u00ednea de confecci\u00f3n para llegar a m\u00e1s p\u00fablicos.\u201d<\/p>\n<\/div><\/div><\/div><!-- Story Year Section --><div data-cls=\"sc-nv-light vertical\" class=\"timeline-year scrollable-section ctl-year ctl-year-container light-year\" data-section-title=\"2026\" id=\"year-2026\"><div class=\"ctl-year-label ctl-year-text\"><span>2026<\/span><\/div><\/div><!-- Timeline Content --><div  id=\"ctl-story-1042\" class=\"ctl-story ctl-story-icon even ctl-story-right\" data-aos=\"none\"   data-story-index=\"4\" role=\"article\"><!-- Story Icon --><div class=\"ctl-icon\"><i class= \"fa fas fa-landmark\" aria-hidden =\"true\"><\/i><\/div> <!-- Story Arrow --><div class=\"ctl-arrow\"><\/div><!-- Story Content --><div class=\"ctl-content\"><!-- Story Title --><div class=\"ctl-title story-1042\" aria-label=\"2\"><a target=\"_self\" title=\"Actualidad Consolidaci\u00f3n y crecimiento\" href=\"https:\/\/modampm.com\/pagina\/cool_timeline\/actualidad-consolidacion-y-crecimiento\/\" class=\"story-link\">Actualidad Consolidaci\u00f3n y crecimiento<\/a><\/div><!-- Story Description --><div class=\"ctl-description\"><p>\u201cGracias a su esfuerzo y dedicaci\u00f3n, MPM se ha mantenido vigente, trabajando d\u00eda a d\u00eda con prop\u00f3sito de mejorar y consolidar su marca.\u201d<\/p>\n<\/div><\/div><\/div>\t\t\t\t\t<\/div>\n\t\t\t\t\t<div class=\"ctl-end\"><\/div>\n\t\t\t\t\t\t\t\t\t<\/div>\n\t\t\t<\/div>\n\t\t\t<\/div>\n\t\t\t\t\t\t<\/div>\n\t\t\t\t<\/div>\n\t\t\t\t<\/div>\n\t\t\t\t\t<\/details>\n\t\t\t\t\t<\/div>\n\t\t\t\t\t\t<\/div>\n\t\t\t\t<\/div>\n\t\t\t\t\t<\/div>\n\t\t\t\t<\/div>\n\t\t\t\t<\/div>\n\t\t","protected":false},"excerpt":{"rendered":"<p>Somos una empresa dedicada a la fabricaci\u00f3n de ropa femenina y masculina, con amplia variedad en colores y tallas, con m\u00e1s de 8 a\u00f1os en el mercado, actualmente contamos con env\u00edos 100 % seguros a nivel nacional. Contamos con una tienda f\u00edsica en la ciudad de Bogot\u00e1 en el centro comercial visto 3 piso local [&hellip;]<\/p>\n","protected":false},"author":1,"featured_media":0,"parent":0,"menu_order":0,"comment_status":"closed","ping_status":"closed","template":"","meta":{"footnotes":""},"class_list":["post-234","page","type-page","status-publish","hentry"],"_links":{"self":[{"href":"https:\/\/modampm.com\/pagina\/wp-json\/wp\/v2\/pages\/234","targetHints":{"allow":["GET"]}}],"collection":[{"href":"https:\/\/modampm.com\/pagina\/wp-json\/wp\/v2\/pages"}],"about":[{"href":"https:\/\/modampm.com\/pagina\/wp-json\/wp\/v2\/types\/page"}],"author":[{"embeddable":true,"href":"https:\/\/modampm.com\/pagina\/wp-json\/wp\/v2\/users\/1"}],"replies":[{"embeddable":true,"href":"https:\/\/modampm.com\/pagina\/wp-json\/wp\/v2\/comments?post=234"}],"version-history":[{"count":169,"href":"https:\/\/modampm.com\/pagina\/wp-json\/wp\/v2\/pages\/234\/revisions"}],"predecessor-version":[{"id":1328,"href":"https:\/\/modampm.com\/pagina\/wp-json\/wp\/v2\/pages\/234\/revisions\/1328"}],"wp:attachment":[{"href":"https:\/\/modampm.com\/pagina\/wp-json\/wp\/v2\/media?parent=234"}],"curies":[{"name":"wp","href":"https:\/\/api.w.org\/{rel}","templated":true}]}}